{"id":9,"date":"2022-04-05T04:04:48","date_gmt":"2022-04-05T07:04:48","guid":{"rendered":"http:\/\/dramabarroco.com\/rodolfojacaranda\/?page_id=9"},"modified":"2025-10-01T07:35:05","modified_gmt":"2025-10-01T11:35:05","slug":"home","status":"publish","type":"page","link":"https:\/\/rodolfojacaranda.com\/en\/","title":{"rendered":"Home"},"content":{"rendered":"<h1>Rodolfo Jacarand\u00e1<\/h1>\r\nProfessor and Academic Researcher in Philosophy, Human Rights, Critical Crimonology and Contemporary Culture.","protected":false},"excerpt":{"rendered":"<p>&#8220;What is this present that I belong to?&#8221; (Michel Foucault &#8211; The government of the self and of others)<\/p>\n","protected":false},"author":1,"featured_media":1148,"parent":0,"menu_order":0,"comment_status":"closed","ping_status":"closed","template":"index.php","meta":{"_acf_changed":false,"footnotes":""},"class_list":["post-9","page","type-page","status-publish","has-post-thumbnail","hentry"],"acf":[],"yoast_head":"<!-- This site is optimized with the Yoast SEO Premium plugin v27.0 (Yoast SEO v27.4) - https:\/\/yoast.com\/product\/yoast-seo-premium-wordpress\/ -->\n<title>Filosofia - Direitos Humanos - Criminologia - Cultura cr\u00edtica - dados<\/title>\n<meta name=\"description\" content=\"Professor e pesquisador em filosofia, direitos humanos, crimonologia e cultura contempor\u00e2nea. Direitos Humanos e viol\u00eancia na Amaz\u00f4nia.\" \/>\n<meta name=\"robots\" content=\"index, follow, max-snippet:-1, max-image-preview:large, max-video-preview:-1\" \/>\n<link rel=\"canonical\" href=\"https:\/\/rodolfojacaranda.com\/\" \/>\n<meta name=\"twitter:card\" content=\"summary_large_image\" \/>\n<meta name=\"twitter:title\" content=\"Filosofia - Direitos Humanos - Criminologia - Cultura cr\u00edtica - dados\" \/>\n<meta name=\"twitter:description\" content=\"Professor e pesquisador em filosofia, direitos humanos, crimonologia e cultura contempor\u00e2nea. Direitos Humanos e viol\u00eancia na Amaz\u00f4nia.\" \/>\n<meta name=\"twitter:image\" content=\"https:\/\/rodolfojacaranda.com\/wp-content\/uploads\/2025\/05\/Rodolfo-5-Editado.png\" \/>\n<meta name=\"twitter:label1\" content=\"Est. reading time\" \/>\n\t<meta name=\"twitter:data1\" content=\"1 minute\" \/>\n<script type=\"application\/ld+json\" class=\"yoast-schema-graph\">{\"@context\":\"https:\\\/\\\/schema.org\",\"@graph\":[{\"@type\":\"WebPage\",\"@id\":\"https:\\\/\\\/rodolfojacaranda.com\\\/\",\"url\":\"https:\\\/\\\/rodolfojacaranda.com\\\/\",\"name\":\"Filosofia - Direitos Humanos - Criminologia - Cultura cr\u00edtica - dados\",\"isPartOf\":{\"@id\":\"https:\\\/\\\/rodolfojacaranda.com\\\/#website\"},\"primaryImageOfPage\":{\"@id\":\"https:\\\/\\\/rodolfojacaranda.com\\\/#primaryimage\"},\"image\":{\"@id\":\"https:\\\/\\\/rodolfojacaranda.com\\\/#primaryimage\"},\"thumbnailUrl\":\"https:\\\/\\\/rodolfojacaranda.com\\\/wp-content\\\/uploads\\\/2025\\\/05\\\/Rodolfo-5-Editado.png\",\"datePublished\":\"2022-04-05T07:04:48+00:00\",\"dateModified\":\"2025-10-01T11:35:05+00:00\",\"description\":\"Professor e pesquisador em filosofia, direitos humanos, crimonologia e cultura contempor\u00e2nea. Direitos Humanos e viol\u00eancia na Amaz\u00f4nia.\",\"breadcrumb\":{\"@id\":\"https:\\\/\\\/rodolfojacaranda.com\\\/#breadcrumb\"},\"inLanguage\":\"en-US\",\"potentialAction\":[{\"@type\":\"ReadAction\",\"target\":[\"https:\\\/\\\/rodolfojacaranda.com\\\/\"]}]},{\"@type\":\"ImageObject\",\"inLanguage\":\"en-US\",\"@id\":\"https:\\\/\\\/rodolfojacaranda.com\\\/#primaryimage\",\"url\":\"https:\\\/\\\/rodolfojacaranda.com\\\/wp-content\\\/uploads\\\/2025\\\/05\\\/Rodolfo-5-Editado.png\",\"contentUrl\":\"https:\\\/\\\/rodolfojacaranda.com\\\/wp-content\\\/uploads\\\/2025\\\/05\\\/Rodolfo-5-Editado.png\",\"width\":1024,\"height\":1024},{\"@type\":\"BreadcrumbList\",\"@id\":\"https:\\\/\\\/rodolfojacaranda.com\\\/#breadcrumb\",\"itemListElement\":[{\"@type\":\"ListItem\",\"position\":1,\"name\":\"In\u00edcio\",\"item\":\"https:\\\/\\\/rodolfojacaranda.com\\\/\"},{\"@type\":\"ListItem\",\"position\":2,\"name\":\"In\u00edcio\"}]},{\"@type\":\"WebSite\",\"@id\":\"https:\\\/\\\/rodolfojacaranda.com\\\/#website\",\"url\":\"https:\\\/\\\/rodolfojacaranda.com\\\/\",\"name\":\"Rodolfo Jacarand\u00e1\",\"description\":\"(PT) Divulga\u00e7\u00e3o da ci\u00eancia e da filosofia\",\"publisher\":{\"@id\":\"https:\\\/\\\/rodolfojacaranda.com\\\/#organization\"},\"potentialAction\":[{\"@type\":\"SearchAction\",\"target\":{\"@type\":\"EntryPoint\",\"urlTemplate\":\"https:\\\/\\\/rodolfojacaranda.com\\\/?s={search_term_string}\"},\"query-input\":{\"@type\":\"PropertyValueSpecification\",\"valueRequired\":true,\"valueName\":\"search_term_string\"}}],\"inLanguage\":\"en-US\"},{\"@type\":\"Organization\",\"@id\":\"https:\\\/\\\/rodolfojacaranda.com\\\/#organization\",\"name\":\"Rodolfo Jacarand\u00e1\",\"url\":\"https:\\\/\\\/rodolfojacaranda.com\\\/\",\"logo\":{\"@type\":\"ImageObject\",\"inLanguage\":\"en-US\",\"@id\":\"https:\\\/\\\/rodolfojacaranda.com\\\/#\\\/schema\\\/logo\\\/image\\\/\",\"url\":\"https:\\\/\\\/rodolfojacaranda.com\\\/wp-content\\\/uploads\\\/2025\\\/09\\\/Copia-de-Rodolfo-site.png\",\"contentUrl\":\"https:\\\/\\\/rodolfojacaranda.com\\\/wp-content\\\/uploads\\\/2025\\\/09\\\/Copia-de-Rodolfo-site.png\",\"width\":696,\"height\":696,\"caption\":\"Rodolfo Jacarand\u00e1\"},\"image\":{\"@id\":\"https:\\\/\\\/rodolfojacaranda.com\\\/#\\\/schema\\\/logo\\\/image\\\/\"},\"sameAs\":[\"https:\\\/\\\/www.facebook.com\\\/rodolfo.jacaranda\",\"https:\\\/\\\/www.instagram.com\\\/rodolfojacaranda\\\/\"]}]}<\/script>\n<!-- \/ Yoast SEO Premium plugin. -->","yoast_head_json":{"title":"Filosofia - Direitos Humanos - Criminologia - Cultura cr\u00edtica - dados","description":"Professor e pesquisador em filosofia, direitos humanos, crimonologia e cultura contempor\u00e2nea. Direitos Humanos e viol\u00eancia na Amaz\u00f4nia.","robots":{"index":"index","follow":"follow","max-snippet":"max-snippet:-1","max-image-preview":"max-image-preview:large","max-video-preview":"max-video-preview:-1"},"canonical":"https:\/\/rodolfojacaranda.com\/","twitter_card":"summary_large_image","twitter_title":"Filosofia - Direitos Humanos - Criminologia - Cultura cr\u00edtica - dados","twitter_description":"Professor e pesquisador em filosofia, direitos humanos, crimonologia e cultura contempor\u00e2nea. Direitos Humanos e viol\u00eancia na Amaz\u00f4nia.","twitter_image":"https:\/\/rodolfojacaranda.com\/wp-content\/uploads\/2025\/05\/Rodolfo-5-Editado.png","twitter_misc":{"Est. reading time":"1 minute"},"schema":{"@context":"https:\/\/schema.org","@graph":[{"@type":"WebPage","@id":"https:\/\/rodolfojacaranda.com\/","url":"https:\/\/rodolfojacaranda.com\/","name":"Filosofia - Direitos Humanos - Criminologia - Cultura cr\u00edtica - dados","isPartOf":{"@id":"https:\/\/rodolfojacaranda.com\/#website"},"primaryImageOfPage":{"@id":"https:\/\/rodolfojacaranda.com\/#primaryimage"},"image":{"@id":"https:\/\/rodolfojacaranda.com\/#primaryimage"},"thumbnailUrl":"https:\/\/rodolfojacaranda.com\/wp-content\/uploads\/2025\/05\/Rodolfo-5-Editado.png","datePublished":"2022-04-05T07:04:48+00:00","dateModified":"2025-10-01T11:35:05+00:00","description":"Professor e pesquisador em filosofia, direitos humanos, crimonologia e cultura contempor\u00e2nea. Direitos Humanos e viol\u00eancia na Amaz\u00f4nia.","breadcrumb":{"@id":"https:\/\/rodolfojacaranda.com\/#breadcrumb"},"inLanguage":"en-US","potentialAction":[{"@type":"ReadAction","target":["https:\/\/rodolfojacaranda.com\/"]}]},{"@type":"ImageObject","inLanguage":"en-US","@id":"https:\/\/rodolfojacaranda.com\/#primaryimage","url":"https:\/\/rodolfojacaranda.com\/wp-content\/uploads\/2025\/05\/Rodolfo-5-Editado.png","contentUrl":"https:\/\/rodolfojacaranda.com\/wp-content\/uploads\/2025\/05\/Rodolfo-5-Editado.png","width":1024,"height":1024},{"@type":"BreadcrumbList","@id":"https:\/\/rodolfojacaranda.com\/#breadcrumb","itemListElement":[{"@type":"ListItem","position":1,"name":"In\u00edcio","item":"https:\/\/rodolfojacaranda.com\/"},{"@type":"ListItem","position":2,"name":"In\u00edcio"}]},{"@type":"WebSite","@id":"https:\/\/rodolfojacaranda.com\/#website","url":"https:\/\/rodolfojacaranda.com\/","name":"Rodolfo Jacarand\u00e1","description":"(PT) Divulga\u00e7\u00e3o da ci\u00eancia e da filosofia","publisher":{"@id":"https:\/\/rodolfojacaranda.com\/#organization"},"potentialAction":[{"@type":"SearchAction","target":{"@type":"EntryPoint","urlTemplate":"https:\/\/rodolfojacaranda.com\/?s={search_term_string}"},"query-input":{"@type":"PropertyValueSpecification","valueRequired":true,"valueName":"search_term_string"}}],"inLanguage":"en-US"},{"@type":"Organization","@id":"https:\/\/rodolfojacaranda.com\/#organization","name":"Rodolfo Jacarand\u00e1","url":"https:\/\/rodolfojacaranda.com\/","logo":{"@type":"ImageObject","inLanguage":"en-US","@id":"https:\/\/rodolfojacaranda.com\/#\/schema\/logo\/image\/","url":"https:\/\/rodolfojacaranda.com\/wp-content\/uploads\/2025\/09\/Copia-de-Rodolfo-site.png","contentUrl":"https:\/\/rodolfojacaranda.com\/wp-content\/uploads\/2025\/09\/Copia-de-Rodolfo-site.png","width":696,"height":696,"caption":"Rodolfo Jacarand\u00e1"},"image":{"@id":"https:\/\/rodolfojacaranda.com\/#\/schema\/logo\/image\/"},"sameAs":["https:\/\/www.facebook.com\/rodolfo.jacaranda","https:\/\/www.instagram.com\/rodolfojacaranda\/"]}]}},"_links":{"self":[{"href":"https:\/\/rodolfojacaranda.com\/en\/wp-json\/wp\/v2\/pages\/9","targetHints":{"allow":["GET"]}}],"collection":[{"href":"https:\/\/rodolfojacaranda.com\/en\/wp-json\/wp\/v2\/pages"}],"about":[{"href":"https:\/\/rodolfojacaranda.com\/en\/wp-json\/wp\/v2\/types\/page"}],"author":[{"embeddable":true,"href":"https:\/\/rodolfojacaranda.com\/en\/wp-json\/wp\/v2\/users\/1"}],"replies":[{"embeddable":true,"href":"https:\/\/rodolfojacaranda.com\/en\/wp-json\/wp\/v2\/comments?post=9"}],"version-history":[{"count":21,"href":"https:\/\/rodolfojacaranda.com\/en\/wp-json\/wp\/v2\/pages\/9\/revisions"}],"predecessor-version":[{"id":1263,"href":"https:\/\/rodolfojacaranda.com\/en\/wp-json\/wp\/v2\/pages\/9\/revisions\/1263"}],"wp:featuredmedia":[{"embeddable":true,"href":"https:\/\/rodolfojacaranda.com\/en\/wp-json\/wp\/v2\/media\/1148"}],"wp:attachment":[{"href":"https:\/\/rodolfojacaranda.com\/en\/wp-json\/wp\/v2\/media?parent=9"}],"curies":[{"name":"wp","href":"https:\/\/api.w.org\/{rel}","templated":true}]}}