{"id":13,"date":"2022-04-05T04:05:01","date_gmt":"2022-04-05T07:05:01","guid":{"rendered":"http:\/\/dramabarroco.com\/rodolfojacaranda\/?page_id=13"},"modified":"2024-02-23T12:05:20","modified_gmt":"2024-02-23T16:05:20","slug":"contato","status":"publish","type":"page","link":"https:\/\/rodolfojacaranda.com\/en\/contato\/","title":{"rendered":"Contact"},"content":{"rendered":"<p>Professor and Academic Researcher in Philosophy, Human Rights, Critical Crimonology and Contemporary Culture.<\/p>","protected":false},"excerpt":{"rendered":"<p>Professor and Academic Researcher in Philosophy, Human Rights, Critical Crimonology and Contemporary Culture.<\/p>\n","protected":false},"author":1,"featured_media":0,"parent":0,"menu_order":0,"comment_status":"closed","ping_status":"closed","template":"page-contato.php","meta":{"_acf_changed":false,"footnotes":""},"class_list":["post-13","page","type-page","status-publish","hentry"],"acf":[],"yoast_head":"<!-- This site is optimized with the Yoast SEO Premium plugin v27.0 (Yoast SEO v27.4) - https:\/\/yoast.com\/product\/yoast-seo-premium-wordpress\/ -->\n<title>Contact - Rodolfo Jacarand\u00e1<\/title>\n<meta name=\"description\" content=\"Professor and Academic Researcher in Philosophy, Human Rights, Critical Crimonology and Contemporary Culture.\" \/>\n<meta name=\"robots\" content=\"index, follow, max-snippet:-1, max-image-preview:large, max-video-preview:-1\" \/>\n<link rel=\"canonical\" href=\"https:\/\/rodolfojacaranda.com\/contato\/\" \/>\n<meta name=\"twitter:card\" content=\"summary_large_image\" \/>\n<meta name=\"twitter:title\" content=\"Contact - Rodolfo Jacarand\u00e1\" \/>\n<meta name=\"twitter:description\" content=\"Professor and Academic Researcher in Philosophy, Human Rights, Critical Crimonology and Contemporary Culture.\" \/>\n<script type=\"application\/ld+json\" class=\"yoast-schema-graph\">{\"@context\":\"https:\\\/\\\/schema.org\",\"@graph\":[{\"@type\":\"WebPage\",\"@id\":\"https:\\\/\\\/rodolfojacaranda.com\\\/contato\\\/\",\"url\":\"https:\\\/\\\/rodolfojacaranda.com\\\/contato\\\/\",\"name\":\"[:pb]Contato[:en]Contact[:] - Rodolfo Jacarand\u00e1\",\"isPartOf\":{\"@id\":\"https:\\\/\\\/rodolfojacaranda.com\\\/#website\"},\"datePublished\":\"2022-04-05T07:05:01+00:00\",\"dateModified\":\"2024-02-23T16:05:20+00:00\",\"description\":\"Professor and Academic Researcher in Philosophy, Human Rights, Critical Crimonology and Contemporary Culture.\",\"breadcrumb\":{\"@id\":\"https:\\\/\\\/rodolfojacaranda.com\\\/contato\\\/#breadcrumb\"},\"inLanguage\":\"en-US\",\"potentialAction\":[{\"@type\":\"ReadAction\",\"target\":[\"https:\\\/\\\/rodolfojacaranda.com\\\/contato\\\/\"]}]},{\"@type\":\"BreadcrumbList\",\"@id\":\"https:\\\/\\\/rodolfojacaranda.com\\\/contato\\\/#breadcrumb\",\"itemListElement\":[{\"@type\":\"ListItem\",\"position\":1,\"name\":\"In\u00edcio\",\"item\":\"https:\\\/\\\/rodolfojacaranda.com\\\/\"},{\"@type\":\"ListItem\",\"position\":2,\"name\":\"Contato\"}]},{\"@type\":\"WebSite\",\"@id\":\"https:\\\/\\\/rodolfojacaranda.com\\\/#website\",\"url\":\"https:\\\/\\\/rodolfojacaranda.com\\\/\",\"name\":\"Rodolfo Jacarand\u00e1\",\"description\":\"(PT) Divulga\u00e7\u00e3o da ci\u00eancia e da filosofia\",\"publisher\":{\"@id\":\"https:\\\/\\\/rodolfojacaranda.com\\\/#organization\"},\"potentialAction\":[{\"@type\":\"SearchAction\",\"target\":{\"@type\":\"EntryPoint\",\"urlTemplate\":\"https:\\\/\\\/rodolfojacaranda.com\\\/?s={search_term_string}\"},\"query-input\":{\"@type\":\"PropertyValueSpecification\",\"valueRequired\":true,\"valueName\":\"search_term_string\"}}],\"inLanguage\":\"en-US\"},{\"@type\":\"Organization\",\"@id\":\"https:\\\/\\\/rodolfojacaranda.com\\\/#organization\",\"name\":\"Rodolfo Jacarand\u00e1\",\"url\":\"https:\\\/\\\/rodolfojacaranda.com\\\/\",\"logo\":{\"@type\":\"ImageObject\",\"inLanguage\":\"en-US\",\"@id\":\"https:\\\/\\\/rodolfojacaranda.com\\\/#\\\/schema\\\/logo\\\/image\\\/\",\"url\":\"https:\\\/\\\/rodolfojacaranda.com\\\/wp-content\\\/uploads\\\/2025\\\/09\\\/Copia-de-Rodolfo-site.png\",\"contentUrl\":\"https:\\\/\\\/rodolfojacaranda.com\\\/wp-content\\\/uploads\\\/2025\\\/09\\\/Copia-de-Rodolfo-site.png\",\"width\":696,\"height\":696,\"caption\":\"Rodolfo Jacarand\u00e1\"},\"image\":{\"@id\":\"https:\\\/\\\/rodolfojacaranda.com\\\/#\\\/schema\\\/logo\\\/image\\\/\"},\"sameAs\":[\"https:\\\/\\\/www.facebook.com\\\/rodolfo.jacaranda\",\"https:\\\/\\\/www.instagram.com\\\/rodolfojacaranda\\\/\"]}]}<\/script>\n<!-- \/ Yoast SEO Premium plugin. -->","yoast_head_json":{"title":"Contact - Rodolfo Jacarand\u00e1","description":"Professor and Academic Researcher in Philosophy, Human Rights, Critical Crimonology and Contemporary Culture.","robots":{"index":"index","follow":"follow","max-snippet":"max-snippet:-1","max-image-preview":"max-image-preview:large","max-video-preview":"max-video-preview:-1"},"canonical":"https:\/\/rodolfojacaranda.com\/contato\/","twitter_card":"summary_large_image","twitter_title":"Contact - Rodolfo Jacarand\u00e1","twitter_description":"Professor and Academic Researcher in Philosophy, Human Rights, Critical Crimonology and Contemporary Culture.","schema":{"@context":"https:\/\/schema.org","@graph":[{"@type":"WebPage","@id":"https:\/\/rodolfojacaranda.com\/contato\/","url":"https:\/\/rodolfojacaranda.com\/contato\/","name":"[:pb]Contato[:en]Contact[:] - Rodolfo Jacarand\u00e1","isPartOf":{"@id":"https:\/\/rodolfojacaranda.com\/#website"},"datePublished":"2022-04-05T07:05:01+00:00","dateModified":"2024-02-23T16:05:20+00:00","description":"Professor and Academic Researcher in Philosophy, Human Rights, Critical Crimonology and Contemporary Culture.","breadcrumb":{"@id":"https:\/\/rodolfojacaranda.com\/contato\/#breadcrumb"},"inLanguage":"en-US","potentialAction":[{"@type":"ReadAction","target":["https:\/\/rodolfojacaranda.com\/contato\/"]}]},{"@type":"BreadcrumbList","@id":"https:\/\/rodolfojacaranda.com\/contato\/#breadcrumb","itemListElement":[{"@type":"ListItem","position":1,"name":"In\u00edcio","item":"https:\/\/rodolfojacaranda.com\/"},{"@type":"ListItem","position":2,"name":"Contato"}]},{"@type":"WebSite","@id":"https:\/\/rodolfojacaranda.com\/#website","url":"https:\/\/rodolfojacaranda.com\/","name":"Rodolfo Jacarand\u00e1","description":"(PT) Divulga\u00e7\u00e3o da ci\u00eancia e da filosofia","publisher":{"@id":"https:\/\/rodolfojacaranda.com\/#organization"},"potentialAction":[{"@type":"SearchAction","target":{"@type":"EntryPoint","urlTemplate":"https:\/\/rodolfojacaranda.com\/?s={search_term_string}"},"query-input":{"@type":"PropertyValueSpecification","valueRequired":true,"valueName":"search_term_string"}}],"inLanguage":"en-US"},{"@type":"Organization","@id":"https:\/\/rodolfojacaranda.com\/#organization","name":"Rodolfo Jacarand\u00e1","url":"https:\/\/rodolfojacaranda.com\/","logo":{"@type":"ImageObject","inLanguage":"en-US","@id":"https:\/\/rodolfojacaranda.com\/#\/schema\/logo\/image\/","url":"https:\/\/rodolfojacaranda.com\/wp-content\/uploads\/2025\/09\/Copia-de-Rodolfo-site.png","contentUrl":"https:\/\/rodolfojacaranda.com\/wp-content\/uploads\/2025\/09\/Copia-de-Rodolfo-site.png","width":696,"height":696,"caption":"Rodolfo Jacarand\u00e1"},"image":{"@id":"https:\/\/rodolfojacaranda.com\/#\/schema\/logo\/image\/"},"sameAs":["https:\/\/www.facebook.com\/rodolfo.jacaranda","https:\/\/www.instagram.com\/rodolfojacaranda\/"]}]}},"_links":{"self":[{"href":"https:\/\/rodolfojacaranda.com\/en\/wp-json\/wp\/v2\/pages\/13","targetHints":{"allow":["GET"]}}],"collection":[{"href":"https:\/\/rodolfojacaranda.com\/en\/wp-json\/wp\/v2\/pages"}],"about":[{"href":"https:\/\/rodolfojacaranda.com\/en\/wp-json\/wp\/v2\/types\/page"}],"author":[{"embeddable":true,"href":"https:\/\/rodolfojacaranda.com\/en\/wp-json\/wp\/v2\/users\/1"}],"replies":[{"embeddable":true,"href":"https:\/\/rodolfojacaranda.com\/en\/wp-json\/wp\/v2\/comments?post=13"}],"version-history":[{"count":10,"href":"https:\/\/rodolfojacaranda.com\/en\/wp-json\/wp\/v2\/pages\/13\/revisions"}],"predecessor-version":[{"id":833,"href":"https:\/\/rodolfojacaranda.com\/en\/wp-json\/wp\/v2\/pages\/13\/revisions\/833"}],"wp:attachment":[{"href":"https:\/\/rodolfojacaranda.com\/en\/wp-json\/wp\/v2\/media?parent=13"}],"curies":[{"name":"wp","href":"https:\/\/api.w.org\/{rel}","templated":true}]}}